{"id":565,"date":"2021-05-21T07:15:47","date_gmt":"2021-05-21T07:15:47","guid":{"rendered":"https:\/\/dasv-postgeschichte.de\/wp\/?page_id=565"},"modified":"2025-10-21T10:52:38","modified_gmt":"2025-10-21T10:52:38","slug":"die-auszeichnungen-des-dasv-2","status":"publish","type":"page","link":"https:\/\/dasv-postgeschichte.de\/wp\/der-dasv\/die-auszeichnungen-des-dasv-2\/","title":{"rendered":"Auszeichnungen des DASV"},"content":{"rendered":"<div style=\"width: 241px\" class=\"wp-caption alignright\"><img loading=\"lazy\" decoding=\"async\" style=\"margin-left: 50px;\" src=\"https:\/\/dasv-postgeschichte.de\/wp\/wp-content\/uploads\/2021\/02\/ausz_dasv.gif\" alt=\"\" width=\"231\" height=\"188\" align=\"right\" \/><p class=\"wp-caption-text\">Die DASV-Plakette<\/p><\/div>\r\n<h3>Die DASV-Plakette<\/h3>\r\n<!-- \/wp:post-content -->\r\n<p>&nbsp;<\/p>\r\n<!-- wp:paragraph -->\r\n<p style=\"text-align: justify;\">Sie wurde 1955 gestiftet, um verdiente Mitglieder, die sich in vorbildlicher Weise f\u00fcr den Deutschen Altbriefsammler-Verein eingesetzt haben, zu ehren. Die Leistungen k\u00f6nnen in der engagierten Mitarbeit an den Rundbriefen, in langj\u00e4hriger T\u00e4tigkeit f\u00fcr den DASV oder in besonderen Leistungen zum Wohle des DASV bestehen.<\/p>\r\n<!-- \/wp:paragraph -->\r\n\r\n\t<a class=\"paoc-popup-click paoc-popup-cust-642 paoc-popup-simple_link paoc-popup-link\" href=\"javascript:void(0);\">Die Inhaber der DASV-Plakette<\/a>\r\n\r\n\r\n<!-- wp:heading {\"level\":3} --><hr \/>\r\n<div style=\"width: 234px\" class=\"wp-caption alignright\"><img loading=\"lazy\" decoding=\"async\" style=\"margin-left: 50px;\" src=\"https:\/\/dasv-postgeschichte.de\/wp\/wp-content\/uploads\/2021\/02\/ausz_savo.gif\" alt=\"\" width=\"224\" height=\"228\" align=\"right\" \/><p class=\"wp-caption-text\">Die SAVO-Plakette<\/p><\/div>\r\n<h3>Die SAVO-Plakette<\/h3>\r\n<!-- \/wp:heading -->\r\n<p>&nbsp;<\/p>\r\n<!-- wp:paragraph -->\r\n<p style=\"text-align: justify;\">1933 von Baron Anton Kumpf Mikuli eingef\u00fchrt. Nach dem Willen der Stifter soll durch ihre Verleihung eine besondere Leistung auf dem Gebiet der Postgeschichte, sei es durch Erforschung eines bestimmten Gebietes beim Aufbau einer Sammlung, durch herausragende Ergebnisse im Rahmen archivalischer Recherchen, die f\u00fcr die Allgemeinheit von Bedeutung sind, oder durch umfangreiche Publikationen, die einem Sammelgebiet eine f\u00fcr alle interessante Grundlage erschlie\u00dfen, Anerkennung finden.<\/p>\r\n\r\n\t<a class=\"paoc-popup-click paoc-popup-cust-661 paoc-popup-simple_link paoc-popup-link\" href=\"javascript:void(0);\">Die Inhaber der SAVO-Plakette<\/a>\r\n\r\n\r\n<!-- wp:heading {\"level\":3} --><hr \/>\r\n<div style=\"width: 239px\" class=\"wp-caption alignright\"><img loading=\"lazy\" decoding=\"async\" style=\"margin-left: 50px;\" src=\"https:\/\/dasv-postgeschichte.de\/wp\/wp-content\/uploads\/2021\/02\/ausz_weidlich.gif\" alt=\"\" width=\"229\" height=\"229\" align=\"right\" \/><p class=\"wp-caption-text\">Die Professor Dr. Hans A. Weidlich-Plakette<\/p><\/div>\r\n<h3>Die Professor Dr. Hans A. Weidlich-Plakette<\/h3>\r\n<!-- \/wp:heading -->\r\n<p>&nbsp;<\/p>\r\n<!-- wp:paragraph -->\r\n<p style=\"text-align: justify;\">Diese wurde in Erinnerung an den langj\u00e4hrigen Pr\u00e4sidenten und Ehrenpr\u00e4sidenten Prof. Dr. Hans A. Weidlich und in W\u00fcrdigung seiner Verdienste f\u00fcr das internationale Ansehen des DASV und der deutschen Altbriefkunde 1991 ins Leben gerufen. Die Stiftung st\u00fctzte sich dabei auf die F\u00f6rderung durch die Erbengemeinschaft. Die Plakette soll einmal j\u00e4hrlich an Pers\u00f6nlichkeiten verliehen werden, die sich nach dem Vorbild von Prof. Dr. Weidlich als F\u00fchrungskr\u00e4fte der Philatelie oder durch herausragende Forschungsergebnisse auf dem Gebiet der Postgeschichte oder durch deren wirksame und umfassende F\u00f6rderung verdient gemacht haben.<\/p>\r\n\r\n\t<a class=\"paoc-popup-click paoc-popup-cust-656 paoc-popup-simple_link paoc-popup-link\" href=\"javascript:void(0);\">Die Inhaber Professor Dr. Hans A. Weidlich-Plakette<\/a>\r\n\r\n\r\n<!-- \/wp:paragraph --><hr \/>\r\n<h3><a href=\"https:\/\/dasv-postgeschichte.de\/wp\/wp-content\/uploads\/2025\/10\/literaturpreis.gif\"><img loading=\"lazy\" decoding=\"async\" class=\"size-full wp-image-2573 alignright\" src=\"https:\/\/dasv-postgeschichte.de\/wp\/wp-content\/uploads\/2025\/10\/literaturpreis.gif\" alt=\"\" width=\"255\" height=\"88\" \/><\/a>Der DASV Literaturpreis<\/h3>\r\n<!-- \/wp:paragraph -->\r\n\r\n<!-- wp:paragraph -->\r\n<p>Mit dem Literaturpreis f\u00f6rdert der DASV ambitionierte Autoren und pr\u00e4miert dabei seit dem Jahr 2005 ein philatelistisch besonders wertvolles postgeschichtliches Druckwerk. Bis 2010 wurde die Auszeichnung als DASV Sonderpreis f\u00fcr moderne Literatur vergeben. Nachdem in 2011 kein geeignetes Werk gefunden werden konnte, ist der Wettbewerb im Hinblick auf die Thematik seither zeitlich uneingeschr\u00e4nkt. Neben der zwischenzeitlichen \u00dcberlassung eines attraktiven Glastr\u00e4gers ist der DASV Literaturpreis von Anfang an mit 250.- \u20ac dotiert.<\/p>\r\n\r\n\t<a class=\"paoc-popup-click paoc-popup-cust-2512 paoc-popup-simple_link paoc-popup-link\" href=\"javascript:void(0);\">Die Inhaber des DASV Literaturpreises<\/a>\r\n\r\n\r\n<!-- \/wp:paragraph --><hr \/>","protected":false},"excerpt":{"rendered":"<p>Die DASV-Plakette &nbsp; Sie wurde 1955 gestiftet, um verdiente Mitglieder, die sich in vorbildlicher Weise f\u00fcr den Deutschen Altbriefsammler-Verein eingesetzt haben, zu ehren. Die Leistungen k\u00f6nnen in der engagierten Mitarbeit an den Rundbriefen, in langj\u00e4hriger T\u00e4tigkeit f\u00fcr den DASV oder in besonderen Leistungen zum Wohle des DASV bestehen. Die SAVO-Plakette &nbsp; 1933 von Baron Anton [&hellip;]<\/p>\n","protected":false},"author":1,"featured_media":0,"parent":10,"menu_order":7,"comment_status":"closed","ping_status":"closed","template":"","meta":{"footnotes":""},"class_list":["post-565","page","type-page","status-publish","hentry"],"_links":{"self":[{"href":"https:\/\/dasv-postgeschichte.de\/wp\/wp-json\/wp\/v2\/pages\/565","targetHints":{"allow":["GET"]}}],"collection":[{"href":"https:\/\/dasv-postgeschichte.de\/wp\/wp-json\/wp\/v2\/pages"}],"about":[{"href":"https:\/\/dasv-postgeschichte.de\/wp\/wp-json\/wp\/v2\/types\/page"}],"author":[{"embeddable":true,"href":"https:\/\/dasv-postgeschichte.de\/wp\/wp-json\/wp\/v2\/users\/1"}],"replies":[{"embeddable":true,"href":"https:\/\/dasv-postgeschichte.de\/wp\/wp-json\/wp\/v2\/comments?post=565"}],"version-history":[{"count":0,"href":"https:\/\/dasv-postgeschichte.de\/wp\/wp-json\/wp\/v2\/pages\/565\/revisions"}],"up":[{"embeddable":true,"href":"https:\/\/dasv-postgeschichte.de\/wp\/wp-json\/wp\/v2\/pages\/10"}],"wp:attachment":[{"href":"https:\/\/dasv-postgeschichte.de\/wp\/wp-json\/wp\/v2\/media?parent=565"}],"curies":[{"name":"wp","href":"https:\/\/api.w.org\/{rel}","templated":true}]}}