{"id":233,"date":"2021-02-21T11:53:25","date_gmt":"2021-02-21T11:53:25","guid":{"rendered":"https:\/\/dasv-postgeschichte.de\/wp\/?page_id=233"},"modified":"2025-10-23T12:29:21","modified_gmt":"2025-10-23T12:29:21","slug":"leistungen","status":"publish","type":"page","link":"https:\/\/dasv-postgeschichte.de\/wp\/der-dasv\/leistungen\/","title":{"rendered":"Leistungen"},"content":{"rendered":"<h3>Projekt Postvertr\u00e4ge<\/h3>\r\n<p>Der DASV\u00a0 betreibt seit 2006 das Projekt Postvertr\u00e4ge. Erstmalig wurden alle nur irgendwie verf\u00fcgbaren nationalen und internationelen Postvertr\u00e4ge und andere Dokumente zur Postgeschichte in einem Projekt zusammengefasst. \u00dcber 5.000 Vertr\u00e4ge, Verordnungen, etc sind in einer durchsuchbaren Datenbank abrufbar. \u00dcber 5.500 Einzeldokumente mit \u00fcber 50.000 Seiten sind als PDF oder JPG abrufbar.<\/p>\r\n<p style=\"text-align: left;\">Zum Projekt Postvertr\u00e4ge \u00a0 <a href=\"https:\/\/www.postvertraege.de\"><img loading=\"lazy\" decoding=\"async\" class=\"alignnone wp-image-1519 size-full\" src=\"https:\/\/dasv-postgeschichte.de\/wp\/wp-content\/uploads\/2021\/11\/postvertraege_text.gif\" alt=\"\" width=\"111\" height=\"31\" \/><\/a><\/p>\r\n<h3>Forum Altpostgeschichte<\/h3>\r\n<p>Im Jahre 2019 hat der DASV den Betrieb und die Betreuung ders Internetforums <a href=\"https:\/\/www.altpostgeschichte.de\" target=\"_blank\" rel=\"noopener\">WWW.ALTPOSTGESCHICHTE.COM<\/a> \u00fcbernommen. <br \/>Seit \u00fcber 10 Jahre treffen sich im Forum Postgeschichtler und Philatelisten aus aller Welt.<\/p>\r\n<h3 style=\"text-align: left;\">DASV-Rundbriefe<\/h3>\r\n<!-- \/wp:post-content -->\r\n\r\n<!-- wp:paragraph -->\r\n<p>Der DASV ver\u00f6ffentlicht j\u00e4hrlich 3 Rundbriefe mit der Beilage &#8222;Postgeschichte und Altbriefkunde&#8220;. Darin finden Sie allerlei Wissenswertes f\u00fcr Ihre Sammel- und Interessengebiete. Zum Inhalt:<\/p>\r\n<!-- \/wp:paragraph -->\r\n\r\n<!-- wp:list -->\r\n<ul>\r\n<li>Artikel zur Postgeschichte<\/li>\r\n<li>Vereinsnachrichten<\/li>\r\n<li>Der <strong>DASV Briefkasten<\/strong> (in dieser Rubrik k\u00f6nnen Mitglieder ihre Problemf\u00e4lle darstellen, diese werden dann durch unsere Experten bearbeitet).<\/li>\r\n<li>Die <strong>Beilage<\/strong> &#8222;Postgeschichte und Altbriefkunde&#8220; besteht stets aus einem umfangreichen Aufsatz zu einem postgeschichtlichen Thema.<\/li>\r\n<\/ul>\r\n<!-- \/wp:list -->\r\n\r\n<!-- wp:heading {\"level\":3} -->\r\n<h3>Bibliothek<\/h3>\r\n<!-- \/wp:heading -->\r\n\r\n<!-- wp:paragraph -->\r\n<p>Der DASV verf\u00fcgt \u00fcber eine gemeinsame philatelistische Bibliothek mit dem BC Hannover, welche beim BCH Hannover untergebracht ist. Die Ausleihe gegen Ersatz der Versandkosten wird durch den kommissarischen DASV-Bibliothekar Michael DICK koordiniert.<\/p>\r\n<!-- \/wp:paragraph -->\r\n\r\n<!-- wp:file {\"id\":234,\"href\":\"https:\/\/dasv-postgeschichte.de\/wp\/wp-content\/uploads\/2021\/02\/Bibliotheksverzeichnis.pdf\"} -->\r\n<div class=\"wp-block-file\"><a href=\"https:\/\/dasv-postgeschichte.de\/wp\/wp-content\/uploads\/2021\/02\/Bibliotheksverzeichnis.pdf\">Bibliotheksverzeichnis<\/a><a class=\"wp-block-file__button\" href=\"https:\/\/dasv-postgeschichte.de\/wp\/wp-content\/uploads\/2021\/02\/Bibliotheksverzeichnis.pdf\" download=\"\"> herunterladen<\/a><\/div>\r\n<!-- \/wp:file -->\r\n\r\n<!-- wp:heading {\"level\":3} -->\r\n<h3>Rundsendedienst<\/h3>\r\n<!-- \/wp:heading -->\r\n\r\n<!-- wp:paragraph -->\r\n<p>Eine beliebte und viel genutzte Dienstleistung unseres Deutschen Altbriefsammler-Vereins ist der Rundsendedienst. So lange es den DASV gibt, gehen regelm\u00e4\u00dfig Sendungen an unsere Mitglieder und Vereine, die eine Mitgliedschaft im DASV haben. Einlieferungen k\u00f6nnen auch von Personen get\u00e4tigt werden, die nicht Mitglied im DASV sind.<br \/><br \/>Auf Wunsch unserer Mitglieder wurden schon vor Jahren neben klassischen Sammelgebieten wie Preu\u00dfen, Thurn und Taxis, Bayern, Hannover, W\u00fcrttemberg usw. auch sp\u00e4tere Sammelgebiete von NDP \u00fcber Kolonien, Feldpost, Bahnpost, Infla, Geb\u00fchr bezahlt, bis hin zu Bund und Berlin zum Versand gebracht. Dar\u00fcber hinaus auch Europa und \u00dcbersee, Transit- und Schiffspost, sowie Luftpost aller L\u00e4nder. Es gibt also kein Sammelgebiet, das von unserem Rundsendedienst nicht bedient wird.<br \/><br \/>Unser Rundsendedienst wird zur Zeit von unserem Mitglied Horst Warnecke betreut.<br \/><a href=\"&#109;&#x61;i&#108;&#x74;o&#58;&#x52;u&#x6e;&#x64;&#115;&#x65;n&#100;&#x65;l&#101;&#x69;t&#x65;&#x72;&#64;&#x64;&#x61;&#115;&#x76;-&#112;&#x6f;s&#116;&#x67;e&#x73;&#x63;&#104;&#x69;c&#104;&#x74;e&#46;&#x64;e\">&#x52;&#x75;&#x6e;&#x64;&#x73;&#x65;&#110;&#100;&#101;&#108;eite&#x72;&#x40;&#x64;&#x61;&#x73;&#x76;&#45;&#112;&#111;&#115;&#116;ges&#x63;&#x68;&#x69;&#x63;&#x68;&#x74;&#101;&#46;&#100;&#101;<\/a><\/p>\r\n<!-- \/wp:paragraph -->\r\n\r\n<!-- wp:heading {\"level\":3} -->\r\n<h3>Unser Mitgliedsbeitrag <small>(g\u00fcltig ab 2025)<\/small><\/h3>\r\n<!-- \/wp:heading -->\r\n<figure class=\"wp-block-table is-style-stripes\"><br \/>\r\n<table style=\"width: 94.8714%; height: 356px;\">\r\n<thead>\r\n<tr style=\"height: 17px;\">\r\n<th style=\"width: 40.7454%; height: 17px; vertical-align: top;\">Der DASV Gesamtbeitrag im Einzelnen:<\/th>\r\n<th class=\"has-text-align-center\" style=\"width: 1.82648%; text-align: center; vertical-align: top; height: 17px;\" data-align=\"center\">\u00a0\u00a0DASV\u00a0\u00a0<\/th>\r\n<th style=\"width: 5.19479%; text-align: center; vertical-align: top; height: 17px;\">gedruckter <br \/>rundbrief<\/th>\r\n<th class=\"has-text-align-center\" style=\"width: 6.90712%; text-align: center; vertical-align: top; height: 17px;\" data-align=\"center\">BDPh-Beitrag<br \/>Direktmitglied<\/th>\r\n<th style=\"width: 13.3725%; text-align: center; vertical-align: top; height: 17px;\">Auslands-bezug<br \/>Philatelie<\/th>\r\n<th style=\"width: 13.2647%; text-align: center; vertical-align: top; height: 17px;\">Gesamt<\/th>\r\n<\/tr>\r\n<\/thead>\r\n<tbody>\r\n<tr style=\"height: 19px;\">\r\n<td style=\"width: 40.7454%; height: 19px;\">Beitrag ohne BDPh<\/td>\r\n<td class=\"has-text-align-center\" style=\"width: 1.82648%; text-align: center; height: 19px; vertical-align: top;\" data-align=\"center\">60,&#8211; \u20ac<\/td>\r\n<td style=\"width: 5.19479%; text-align: center; height: 19px; vertical-align: top;\">\u00a0<\/td>\r\n<td class=\"has-text-align-center\" style=\"width: 6.90712%; text-align: center; height: 19px; vertical-align: top;\" data-align=\"center\">\u00a0<\/td>\r\n<td style=\"width: 13.3725%; text-align: center; height: 19px; vertical-align: top;\">\u00a0<\/td>\r\n<td style=\"width: 13.2647%; text-align: center; height: 19px; vertical-align: top;\">60,&#8211; \u20ac<\/td>\r\n<\/tr>\r\n<tr style=\"height: 19px;\">\r\n<td style=\"width: 40.7454%; height: 19px; vertical-align: top;\">Beitrag ohne BDPh<br \/>mit gedrucktem Rundbrief<\/td>\r\n<td style=\"width: 1.82648%; text-align: center; height: 19px; vertical-align: top;\">60,&#8211; \u20ac<\/td>\r\n<td style=\"width: 5.19479%; text-align: center; height: 19px; vertical-align: top;\">10,&#8211;\u20ac<\/td>\r\n<td style=\"width: 6.90712%; text-align: center; height: 19px; vertical-align: top;\">\u00a0<\/td>\r\n<td style=\"width: 13.3725%; text-align: center; height: 19px; vertical-align: top;\">\u00a0<\/td>\r\n<td style=\"width: 13.2647%; text-align: center; height: 19px; vertical-align: top;\">70,&#8211; \u20ac<\/td>\r\n<\/tr>\r\n<tr style=\"height: 19px;\">\r\n<td style=\"width: 40.7454%; text-align: left; height: 19px;\">inl\u00e4ndische Mitglieder mit BDPh<\/td>\r\n<td style=\"width: 1.82648%; text-align: center; height: 19px; vertical-align: top;\">60,&#8211; \u20ac<\/td>\r\n<td style=\"width: 5.19479%; text-align: center; height: 19px; vertical-align: top;\">\u00a0<\/td>\r\n<td style=\"width: 6.90712%; text-align: center; height: 19px; vertical-align: top;\">23,&#8211; \u20ac<\/td>\r\n<td style=\"text-align: center; width: 13.3725%; height: 19px; vertical-align: top;\">\u00a0<\/td>\r\n<td style=\"text-align: center; width: 13.2647%; height: 19px; vertical-align: top;\">83,&#8211; \u20ac<\/td>\r\n<\/tr>\r\n<tr style=\"height: 19px;\">\r\n<td style=\"width: 40.7454%; text-align: left; height: 19px;\">inl\u00e4ndische Mitglieder mit BDPh<br \/>mit gedrucktem Rundbrief<\/td>\r\n<td style=\"width: 1.82648%; text-align: center; height: 19px; vertical-align: top;\">60,&#8211; \u20ac<\/td>\r\n<td style=\"width: 5.19479%; text-align: center; height: 19px; vertical-align: top;\">10,&#8211;\u20ac<\/td>\r\n<td style=\"width: 6.90712%; text-align: center; height: 19px; vertical-align: top;\">23,&#8211; \u20ac<\/td>\r\n<td style=\"text-align: center; width: 13.3725%; height: 19px; vertical-align: top;\">\u00a0<\/td>\r\n<td style=\"text-align: center; width: 13.2647%; height: 19px; vertical-align: top;\">93,&#8211; \u20ac<\/td>\r\n<\/tr>\r\n<tr style=\"height: 39px;\">\r\n<td style=\"width: 40.7454%; text-align: left; height: 39px;\">ausl\u00e4ndische Mitglieder ohne BDPh<\/td>\r\n<td style=\"width: 1.82648%; text-align: center; height: 39px; vertical-align: top;\">60,&#8211; \u20ac<\/td>\r\n<td style=\"width: 5.19479%; text-align: center; height: 39px; vertical-align: top;\">\u00a0<\/td>\r\n<td style=\"width: 6.90712%; text-align: center; height: 39px; vertical-align: top;\">\u00a0<\/td>\r\n<td style=\"text-align: center; width: 13.3725%; height: 39px; vertical-align: top;\">\u00a0<\/td>\r\n<td style=\"text-align: center; width: 13.2647%; height: 39px; vertical-align: top;\">60,&#8211; \u20ac<\/td>\r\n<\/tr>\r\n<tr style=\"height: 39px;\">\r\n<td style=\"width: 40.7454%; height: 39px;\">ausl\u00e4ndische Mitglieder ohne BDPh, mit gedrucktem Rundbrief<\/td>\r\n<td style=\"width: 1.82648%; text-align: center; height: 39px; vertical-align: top;\">60,&#8211; \u20ac<\/td>\r\n<td style=\"width: 5.19479%; text-align: center; height: 39px; vertical-align: top;\">15,&#8211; \u20ac<\/td>\r\n<td style=\"width: 6.90712%; text-align: center; height: 39px; vertical-align: top;\">\u00a0<\/td>\r\n<td style=\"text-align: center; width: 13.3725%; height: 39px; vertical-align: top;\">\u00a0<\/td>\r\n<td style=\"text-align: center; width: 13.2647%; height: 39px; vertical-align: top;\">75,&#8211; \u20ac<\/td>\r\n<\/tr>\r\n<tr style=\"height: 58px;\">\r\n<td class=\"has-text-align-center\" style=\"width: 40.7454%; text-align: left; height: 58px;\" valign=\"top\" data-align=\"center\">ausl\u00e4ndische Mitglieder mit BDPh ohne Philatelie oder Philatelie digital<\/td>\r\n<td class=\"has-text-align-center\" style=\"width: 1.82648%; text-align: center; height: 58px; vertical-align: top;\" valign=\"top\" data-align=\"center\">60,&#8211; \u20ac<\/td>\r\n<td style=\"width: 5.19479%; text-align: center; height: 58px; vertical-align: top;\">\u00a0<\/td>\r\n<td class=\"has-text-align-center\" style=\"width: 6.90712%; text-align: center; height: 58px; vertical-align: top;\" valign=\"top\" data-align=\"center\">23,&#8211; \u20ac<\/td>\r\n<td style=\"text-align: center; width: 13.3725%; height: 58px; vertical-align: top;\">\u00a0<\/td>\r\n<td style=\"text-align: center; width: 13.2647%; height: 58px; vertical-align: top;\" valign=\"top\">83,&#8211; \u20ac<\/td>\r\n<\/tr>\r\n<tr style=\"height: 78px;\">\r\n<td style=\"width: 40.7454%; text-align: left; height: 78px;\">ausl\u00e4ndische Mitglieder mit BDPh ohne Philatelie oder Philatelie digital, mit gedrucktem Rundbrief<\/td>\r\n<td style=\"width: 1.82648%; text-align: center; height: 78px; vertical-align: top;\">60,&#8211; \u20ac<\/td>\r\n<td style=\"width: 5.19479%; text-align: center; height: 78px; vertical-align: top;\">15,&#8211; \u20ac<\/td>\r\n<td style=\"width: 6.90712%; text-align: center; height: 78px; vertical-align: top;\">23,&#8211; \u20ac<\/td>\r\n<td style=\"text-align: center; width: 13.3725%; height: 78px; vertical-align: top;\">\u00a0<\/td>\r\n<td style=\"text-align: center; width: 13.2647%; height: 78px; vertical-align: top;\">98,&#8211; \u20ac<\/td>\r\n<\/tr>\r\n<tr style=\"height: 10px;\">\r\n<td class=\"has-text-align-center\" style=\"width: 40.7454%; text-align: left; height: 10px;\" valign=\"top\" data-align=\"center\">ausl\u00e4ndische Mitglieder mit BDPh mit Philatelie (Papierform)<\/td>\r\n<td class=\"has-text-align-center\" style=\"width: 1.82648%; text-align: center; height: 10px; vertical-align: top;\" valign=\"top\" data-align=\"center\">60,&#8211; \u20ac<\/td>\r\n<td style=\"width: 5.19479%; text-align: center; height: 10px; vertical-align: top;\">\u00a0<\/td>\r\n<td class=\"has-text-align-center\" style=\"width: 6.90712%; text-align: center; height: 10px; vertical-align: top;\" valign=\"top\" data-align=\"center\">23,&#8211; \u20ac<\/td>\r\n<td style=\"width: 13.3725%; text-align: center; height: 10px; vertical-align: top;\" valign=\"top\">18,&#8211; \u20ac<\/td>\r\n<td style=\"width: 13.2647%; text-align: center; height: 10px; vertical-align: top;\" valign=\"top\">101,&#8211; \u20ac<\/td>\r\n<\/tr>\r\n<tr style=\"height: 39px;\">\r\n<td style=\"width: 40.7454%; text-align: left; height: 39px;\">ausl\u00e4ndische Mitglieder mit BDPh mit Philatelie (Papierform), mit gedrucktem Rundbrief<\/td>\r\n<td style=\"width: 1.82648%; text-align: center; height: 39px; vertical-align: top;\">60,&#8211; \u20ac<\/td>\r\n<td style=\"width: 5.19479%; text-align: center; height: 39px; vertical-align: top;\">15,&#8211; \u20ac<\/td>\r\n<td style=\"width: 6.90712%; text-align: center; height: 39px; vertical-align: top;\">23,&#8211; \u20ac<\/td>\r\n<td style=\"width: 13.3725%; text-align: center; height: 39px; vertical-align: top;\">18,&#8211; \u20ac<\/td>\r\n<td style=\"width: 13.2647%; text-align: center; height: 39px; vertical-align: top;\">116,&#8211; \u20ac<\/td>\r\n<\/tr>\r\n<\/tbody>\r\n<\/table>\r\nInl\u00e4ndische Mitglieder m\u00fcssen \u00fcber einen Verein, eine Arge oder als Einzelmitglied im BDPh Mitglied sein. <br \/>Alternativ ist dies als BDPh-Direktmitglied im DASV m\u00f6glich.<br \/>Ausl\u00e4ndische Mitglieder m\u00fcssen nicht Mitglied im BDPh sein, sie k\u00f6nnen aber die Mitgliedschaft auf dem Aufnahmeantrag beantragen.<\/figure>\r\n<!-- wp:paragraph \/-->\r\n\r\n<!-- wp:paragraph -->\r\n<p>Bei der Zahlung mit Paypal rechnen Sie bitte 2,50 \u20ac Geb\u00fchren dazu.<br \/>Bitte erfragen Sie die Paypal-Adresse beim Vorstand.<\/p>\r\n<!-- \/wp:paragraph -->\r\n\r\n<!-- wp:heading {\"level\":3} -->\r\n<h3><a id=\"aufnahmeantrag\"><\/a>Aufnahmeantrag und Satzung als PDF-Datei<\/h3>\r\n<!-- \/wp:heading -->\r\n\r\n<!-- wp:paragraph -->\r\n<p>M\u00f6chten Sie Mitglied werden? Laden Sie sich die Dateien als PDF-Datei\u00a0 auf Ihren Rechner.<\/p>\r\n<!-- \/wp:paragraph -->\r\n\r\n<!-- wp:list -->\r\n<ul>\r\n<li><a href=\"https:\/\/www.dasv-postgeschichte.de\/zips\/satzung.pdf\">Satzung<\/a> (20 KB)<\/li>\r\n<li><a href=\"https:\/\/dasv-postgeschichte.de\/wp\/wp-content\/uploads\/2024\/12\/Aufnahmeantrag2024.pdf\">Aufnahmeantrag<\/a> (145 KB)<\/li>\r\n<li><a href=\"https:\/\/dasv-postgeschichte.de\/wp\/wp-content\/uploads\/2021\/02\/Datenschutzerklaerung_Aufnahmeantrag.pdf\" target=\"_blank\" rel=\"noreferrer noopener\" data-type=\"URL\" data-id=\"https:\/\/dasv-postgeschichte.de\/wp\/wp-content\/uploads\/2021\/02\/Datenschutzerklaerung_Aufnahmeantrag.pdf\">Datenschutzerkl\u00e4rung<\/a> (75 KB)<\/li>\r\n<\/ul>\r\n<!-- \/wp:list -->\r\n\r\n<!-- wp:paragraph -->\r\n<p>Sie k\u00f6nnen die Satzung, den Aufnahmeantrag oder die Datenschutzerkl\u00e4rung auch beim Sekret\u00e4r bestellen.<\/p>\r\n<!-- \/wp:paragraph -->\r\n\r\n<!-- wp:list -->\r\n<ul>\r\n<li>Deutscher Altbriefsammler-Verein e.V.<br \/>Dr. Heinrich Conzelmann<br \/>Am M\u00fchlpf\u00e4dle 6\/1<br \/>74081 Heilbronn<br \/>Tel.: 07131-506365<br \/><a href=\"&#x6d;&#x61;&#x69;&#108;&#116;o:&#x53;&#x65;&#x6b;&#114;&#101;ta&#x65;&#x72;&#x40;&#100;&#97;sv&#x2d;&#x70;&#x6f;&#115;&#116;ge&#x73;&#x63;&#x68;&#105;&#99;ht&#x65;&#x2e;&#x64;&#101;\">&#83;&#x65;&#107;&#x72;&#101;&#x74;&#97;&#x65;&#114;&#x40;&#100;&#x61;&#115;&#x76;&#45;&#x70;&#111;&#x73;&#116;&#x67;&#101;&#x73;&#99;&#x68;&#105;&#x63;h&#x74;e&#x2e;d&#x65;<\/a><\/li>\r\n<\/ul>\r\n<!-- \/wp:list -->","protected":false},"excerpt":{"rendered":"<p>Projekt Postvertr\u00e4ge Der DASV\u00a0 betreibt seit 2006 das Projekt Postvertr\u00e4ge. Erstmalig wurden alle nur irgendwie verf\u00fcgbaren nationalen und internationelen Postvertr\u00e4ge und andere Dokumente zur Postgeschichte in einem Projekt zusammengefasst. \u00dcber 5.000 Vertr\u00e4ge, Verordnungen, etc sind in einer durchsuchbaren Datenbank abrufbar. \u00dcber 5.500 Einzeldokumente mit \u00fcber 50.000 Seiten sind als PDF oder JPG abrufbar. Zum Projekt [&hellip;]<\/p>\n","protected":false},"author":1,"featured_media":0,"parent":10,"menu_order":2,"comment_status":"closed","ping_status":"closed","template":"","meta":{"footnotes":""},"class_list":["post-233","page","type-page","status-publish","hentry"],"_links":{"self":[{"href":"https:\/\/dasv-postgeschichte.de\/wp\/wp-json\/wp\/v2\/pages\/233","targetHints":{"allow":["GET"]}}],"collection":[{"href":"https:\/\/dasv-postgeschichte.de\/wp\/wp-json\/wp\/v2\/pages"}],"about":[{"href":"https:\/\/dasv-postgeschichte.de\/wp\/wp-json\/wp\/v2\/types\/page"}],"author":[{"embeddable":true,"href":"https:\/\/dasv-postgeschichte.de\/wp\/wp-json\/wp\/v2\/users\/1"}],"replies":[{"embeddable":true,"href":"https:\/\/dasv-postgeschichte.de\/wp\/wp-json\/wp\/v2\/comments?post=233"}],"version-history":[{"count":0,"href":"https:\/\/dasv-postgeschichte.de\/wp\/wp-json\/wp\/v2\/pages\/233\/revisions"}],"up":[{"embeddable":true,"href":"https:\/\/dasv-postgeschichte.de\/wp\/wp-json\/wp\/v2\/pages\/10"}],"wp:attachment":[{"href":"https:\/\/dasv-postgeschichte.de\/wp\/wp-json\/wp\/v2\/media?parent=233"}],"curies":[{"name":"wp","href":"https:\/\/api.w.org\/{rel}","templated":true}]}}