{"id":1543,"date":"2021-12-09T15:16:48","date_gmt":"2021-12-09T15:16:48","guid":{"rendered":"https:\/\/dasv-postgeschichte.de\/wp\/?page_id=1543"},"modified":"2021-12-09T15:20:58","modified_gmt":"2021-12-09T15:20:58","slug":"via-aland-eine-der-gefaehrlichsten-postrouten-weltweit","status":"publish","type":"page","link":"https:\/\/dasv-postgeschichte.de\/wp\/altbriefkunde\/via-aland-eine-der-gefaehrlichsten-postrouten-weltweit\/","title":{"rendered":"Via \u00c5land \u2013 eine der gef\u00e4hrlichsten Postrouten weltweit"},"content":{"rendered":"<h3>Eine Geschichte der Postbauern, die seit dem Jahr 1638 fast drei Jahrhunderte lang den Postverkehr zwischen Schweden und Finnland unter Einsatz ihres Lebens gew\u00e4hrleisteten.<\/h3>\n<p>Von Christian Auschra<\/p>\n<p>Die Postroute von Schweden nach Finnland wurde von Postbauern aufrechterhalten, die die Post in ihren Ruderbooten zwischen Grisslehamn (Schweden) und Ecker\u00f6 (\u00c5land-Inseln) und die \u00f6stliche Sch\u00e4renwelt weiter nach \u00c5bo in Finnland transportierten. Die Route war Teil des Gro\u00dfen Postweges, der das schwedische Reich mit seinen Besitzungen im Osten verband und wurde 1638 von Per Brahe eingerichtet. Erst im Jahr 1910 wurde die Verbbindung eingestellt. Der Transit \u00fcber die \u00c5landsee geh\u00f6rte zu den gef\u00e4hrlichsten Postrouten weltweit; mehr als 200 Postbauern verloren dabei im Laufe der Jahrhunderte ihr Leben.<\/p>\n<p>F\u00fcr den Transport der Post \u00fcber die \u00c5landsee wurden die H\u00f6fe in Postrotten mit jeweils acht H\u00f6fen unterteilt. Jeder Hof musste einen Mann stellen. Bei der Eingliederung in das Postsystem war die Person verpflichtet, ihre Pflichten p\u00fcnktlich zu erf\u00fcllen. Krankheiten, M\u00fcdigkeit, Winterst\u00fcrme oder die Notwendigkeit, dringende landwirtschaftliche Arbeiten auf dem eigenen Hof zu erledigen, waren keine Ausreden. Die Post musste unter allen Umst\u00e4nden bef\u00f6rdert werden.<\/p>\n<div id=\"attachment_1544\" style=\"width: 684px\" class=\"wp-caption aligncenter\"><a href=\"https:\/\/dasv-postgeschichte.de\/wp\/wp-content\/uploads\/2021\/12\/Auschra_Aland_B01.jpg\"><img loading=\"lazy\" decoding=\"async\" aria-describedby=\"caption-attachment-1544\" class=\"wp-image-1544\" src=\"https:\/\/dasv-postgeschichte.de\/wp\/wp-content\/uploads\/2021\/12\/Auschra_Aland_B01.jpg\" alt=\"\" width=\"674\" height=\"503\" srcset=\"https:\/\/dasv-postgeschichte.de\/wp\/wp-content\/uploads\/2021\/12\/Auschra_Aland_B01.jpg 954w, https:\/\/dasv-postgeschichte.de\/wp\/wp-content\/uploads\/2021\/12\/Auschra_Aland_B01-300x224.jpg 300w, https:\/\/dasv-postgeschichte.de\/wp\/wp-content\/uploads\/2021\/12\/Auschra_Aland_B01-768x573.jpg 768w, https:\/\/dasv-postgeschichte.de\/wp\/wp-content\/uploads\/2021\/12\/Auschra_Aland_B01-705x526.jpg 705w\" sizes=\"auto, (max-width: 674px) 100vw, 674px\" \/><\/a><p id=\"caption-attachment-1544\" class=\"wp-caption-text\">Karte mit einer Abbildung des Postweges von Stockholm \u00fcber Grisslehamn, die \u00c5landsee nach Ecker\u00f6 und weiter durch den \u00f6stlichen Sch\u00e4rengarten nach \u00c5lo.<\/p><\/div>\n<p>Es ist charakteristisch f\u00fcr die \u00c5landsee, dass sich die Eissituation schnell ver\u00e4ndern kann. Daher platzierte man im Jahr 1789 eine Kanone auf Signilssk\u00e4r (einer Ecker\u00f6 vorgelagerten kleinen Insel),\u00a0mit der man durch unterschiedliche Schussserien die Eisverh\u00e4ltnisse nach Grisslehamn signalisieren konnte. Diese Arbeit wurde von den Lotsen auf Signilssk\u00e4r vorgenommen.\u00a0Im Jahr 1795 wurde beschlossen, dass optische Signalstationen in Grisslehamn, Signilssk\u00e4r und Ecker\u00f6 eingerichtet werden sollten. Diese Telegraphenlinie wurde im Jahr 1796 in Betrieb genommen.<\/p>\n<div id=\"attachment_1545\" style=\"width: 595px\" class=\"wp-caption aligncenter\"><a href=\"https:\/\/dasv-postgeschichte.de\/wp\/wp-content\/uploads\/2021\/12\/Auschra_Aland_B02.jpg\"><img loading=\"lazy\" decoding=\"async\" aria-describedby=\"caption-attachment-1545\" class=\"wp-image-1545\" src=\"https:\/\/dasv-postgeschichte.de\/wp\/wp-content\/uploads\/2021\/12\/Auschra_Aland_B02.jpg\" alt=\"\" width=\"585\" height=\"404\" srcset=\"https:\/\/dasv-postgeschichte.de\/wp\/wp-content\/uploads\/2021\/12\/Auschra_Aland_B02.jpg 695w, https:\/\/dasv-postgeschichte.de\/wp\/wp-content\/uploads\/2021\/12\/Auschra_Aland_B02-300x207.jpg 300w\" sizes=\"auto, (max-width: 585px) 100vw, 585px\" \/><\/a><p id=\"caption-attachment-1545\" class=\"wp-caption-text\">Bandeau-Stempel von Stockholm (Typ 0) aus dem Jahr 1709 auf einem Brief nach Wiborg. Tarif: 7 \u00d6re Silber (1707 \u2013 1710)<\/p><\/div>\n<p>Schweden trat mit dem Vertrag von Frederikshamn, 17. September 1809, Finnland und auch die \u00c5landinseln an Russland ab, das aus diesen Gebieten das autonome Gro\u00dff\u00fcrstentum Finnland mit eigener Verwaltung unter der Herrschaft des russischen Zaren bildete.<\/p>\n<div id=\"attachment_1546\" style=\"width: 513px\" class=\"wp-caption aligncenter\"><a href=\"https:\/\/dasv-postgeschichte.de\/wp\/wp-content\/uploads\/2021\/12\/Auschra_Aland_B03.jpg\"><img loading=\"lazy\" decoding=\"async\" aria-describedby=\"caption-attachment-1546\" class=\"wp-image-1546\" src=\"https:\/\/dasv-postgeschichte.de\/wp\/wp-content\/uploads\/2021\/12\/Auschra_Aland_B03-646x1030.jpg\" alt=\"\" width=\"503\" height=\"802\" srcset=\"https:\/\/dasv-postgeschichte.de\/wp\/wp-content\/uploads\/2021\/12\/Auschra_Aland_B03-646x1030.jpg 646w, https:\/\/dasv-postgeschichte.de\/wp\/wp-content\/uploads\/2021\/12\/Auschra_Aland_B03-188x300.jpg 188w, https:\/\/dasv-postgeschichte.de\/wp\/wp-content\/uploads\/2021\/12\/Auschra_Aland_B03-768x1224.jpg 768w, https:\/\/dasv-postgeschichte.de\/wp\/wp-content\/uploads\/2021\/12\/Auschra_Aland_B03-442x705.jpg 442w, https:\/\/dasv-postgeschichte.de\/wp\/wp-content\/uploads\/2021\/12\/Auschra_Aland_B03.jpg 797w\" sizes=\"auto, (max-width: 503px) 100vw, 503px\" \/><\/a><p id=\"caption-attachment-1546\" class=\"wp-caption-text\">Wertbrief von \u00c5bo, 28. M\u00e4rz 1820, nach Stockholm. Tarif Finnland: 66 Kopeken Silber (2.te Gewichtsstufe) + Versicherung 0,2% von 400 Rubel = 80 Kopeken 66 Kopeken + 80 Kopeken = 146 Kopeken. Tarif<\/p><\/div>\n<p>Der \u00fcberwiegende Teil der Briefe stammt aus Korrespondenzen zwischen Finnland und Schweden.\u00a0Im Postvertrag vom 01.01.1847 zwischen Schweden und Russland konnten die Briefe unbezahlt,\u00a0bis zur Grenze bezahlt oder voll bezahlt werden. Nachstehend je ein Brief aus Finnland und einer aus Schweden, der jeweils als Frankobrief versandt wurden.<\/p>\n<div id=\"attachment_1547\" style=\"width: 584px\" class=\"wp-caption aligncenter\"><a href=\"https:\/\/dasv-postgeschichte.de\/wp\/wp-content\/uploads\/2021\/12\/Auschra_Aland_B04.jpg\"><img loading=\"lazy\" decoding=\"async\" aria-describedby=\"caption-attachment-1547\" class=\"wp-image-1547\" src=\"https:\/\/dasv-postgeschichte.de\/wp\/wp-content\/uploads\/2021\/12\/Auschra_Aland_B04.jpg\" alt=\"\" width=\"574\" height=\"364\" srcset=\"https:\/\/dasv-postgeschichte.de\/wp\/wp-content\/uploads\/2021\/12\/Auschra_Aland_B04.jpg 903w, https:\/\/dasv-postgeschichte.de\/wp\/wp-content\/uploads\/2021\/12\/Auschra_Aland_B04-300x190.jpg 300w, https:\/\/dasv-postgeschichte.de\/wp\/wp-content\/uploads\/2021\/12\/Auschra_Aland_B04-768x487.jpg 768w, https:\/\/dasv-postgeschichte.de\/wp\/wp-content\/uploads\/2021\/12\/Auschra_Aland_B04-705x447.jpg 705w\" sizes=\"auto, (max-width: 574px) 100vw, 574px\" \/><\/a><p id=\"caption-attachment-1547\" class=\"wp-caption-text\">Frankobrief von Bj\u00f6rneborg, 1. Mai 1858, nach Nora (Schweden). Transitvermerk: via \u00c5land. Tarif: 20 Kopeken (01.01.1847 \u2013 30.05.1868)<\/p><\/div>\n<div id=\"attachment_1548\" style=\"width: 623px\" class=\"wp-caption aligncenter\"><a href=\"https:\/\/dasv-postgeschichte.de\/wp\/wp-content\/uploads\/2021\/12\/Auschra_Aland_B05.jpg\"><img loading=\"lazy\" decoding=\"async\" aria-describedby=\"caption-attachment-1548\" class=\"wp-image-1548\" src=\"https:\/\/dasv-postgeschichte.de\/wp\/wp-content\/uploads\/2021\/12\/Auschra_Aland_B05.jpg\" alt=\"\" width=\"613\" height=\"346\" srcset=\"https:\/\/dasv-postgeschichte.de\/wp\/wp-content\/uploads\/2021\/12\/Auschra_Aland_B05.jpg 942w, https:\/\/dasv-postgeschichte.de\/wp\/wp-content\/uploads\/2021\/12\/Auschra_Aland_B05-300x169.jpg 300w, https:\/\/dasv-postgeschichte.de\/wp\/wp-content\/uploads\/2021\/12\/Auschra_Aland_B05-768x433.jpg 768w, https:\/\/dasv-postgeschichte.de\/wp\/wp-content\/uploads\/2021\/12\/Auschra_Aland_B05-705x397.jpg 705w\" sizes=\"auto, (max-width: 613px) 100vw, 613px\" \/><\/a><p id=\"caption-attachment-1548\" class=\"wp-caption-text\">Frankobrief von Stockholm, 16. Oktober 1857, nach Uleaborg (Finnland). Transitvermerk \u201evia Grisslehamn\u201c. Tarif: 20 Skilling banco<\/p><\/div>\n<p>Mit Beginn der Industrialisierung in Finnland Mitte der 1850er Jahre findet sich zunehmend Korrespondenz, die \u00fcber die Grenzen Schwedens hinaus transportiert wurde. Dabei kann man drei Hauptrouten unterscheiden:<\/p>\n<ul>\n<li><strong>Route I:\u00a0Post mit England via G\u00f6teborg.<\/strong><\/li>\n<\/ul>\n<div id=\"attachment_1549\" style=\"width: 470px\" class=\"wp-caption aligncenter\"><a href=\"https:\/\/dasv-postgeschichte.de\/wp\/wp-content\/uploads\/2021\/12\/Auschra_Aland_B06.jpg\"><img loading=\"lazy\" decoding=\"async\" aria-describedby=\"caption-attachment-1549\" class=\"wp-image-1549\" src=\"https:\/\/dasv-postgeschichte.de\/wp\/wp-content\/uploads\/2021\/12\/Auschra_Aland_B06.jpg\" alt=\"\" width=\"460\" height=\"561\" srcset=\"https:\/\/dasv-postgeschichte.de\/wp\/wp-content\/uploads\/2021\/12\/Auschra_Aland_B06.jpg 760w, https:\/\/dasv-postgeschichte.de\/wp\/wp-content\/uploads\/2021\/12\/Auschra_Aland_B06-246x300.jpg 246w, https:\/\/dasv-postgeschichte.de\/wp\/wp-content\/uploads\/2021\/12\/Auschra_Aland_B06-579x705.jpg 579w\" sizes=\"auto, (max-width: 460px) 100vw, 460px\" \/><\/a><p id=\"caption-attachment-1549\" class=\"wp-caption-text\">Teilfrankobrief von \u00c5bo, 15.07.1822, nach London via G\u00f6teborg. Finnischer Tarif: 44 Kupferkopeken (vorausbezahlt bis G\u00f6teborg). Britischer Tarif: 1 Schilling 8 Pence (vom Empf\u00e4nger zu bezahlen)<\/p><\/div>\n<ul>\n<li><strong>Route II:\u00a0Post mit Kontinentaleuropa via Ystad \/ Stralsund (zeitweise Greifswald).<\/strong><\/li>\n<\/ul>\n<div id=\"attachment_1550\" style=\"width: 537px\" class=\"wp-caption aligncenter\"><a href=\"https:\/\/dasv-postgeschichte.de\/wp\/wp-content\/uploads\/2021\/12\/Auschra_Aland_B07.jpg\"><img loading=\"lazy\" decoding=\"async\" aria-describedby=\"caption-attachment-1550\" class=\"wp-image-1550\" src=\"https:\/\/dasv-postgeschichte.de\/wp\/wp-content\/uploads\/2021\/12\/Auschra_Aland_B07-880x1030.jpg\" alt=\"\" width=\"527\" height=\"617\" srcset=\"https:\/\/dasv-postgeschichte.de\/wp\/wp-content\/uploads\/2021\/12\/Auschra_Aland_B07-880x1030.jpg 880w, https:\/\/dasv-postgeschichte.de\/wp\/wp-content\/uploads\/2021\/12\/Auschra_Aland_B07-256x300.jpg 256w, https:\/\/dasv-postgeschichte.de\/wp\/wp-content\/uploads\/2021\/12\/Auschra_Aland_B07-768x899.jpg 768w, https:\/\/dasv-postgeschichte.de\/wp\/wp-content\/uploads\/2021\/12\/Auschra_Aland_B07-602x705.jpg 602w, https:\/\/dasv-postgeschichte.de\/wp\/wp-content\/uploads\/2021\/12\/Auschra_Aland_B07.jpg 945w\" sizes=\"auto, (max-width: 527px) 100vw, 527px\" \/><\/a><p id=\"caption-attachment-1550\" class=\"wp-caption-text\">Teilfrankobrief von Bilbao, 02.08.1848, nach Helsingfors via Ystad \u2013 Stralsund (Greifswald). Spanischer Tarif: 12 Real. Franz\u00f6sischer Tarif: 10 D\u00e9cimes, Preu\u00dfischer Tarif: 13 \u00bd Silbergroschen = 44 Silberkopeken, Schwedischer Tarif: 39 Silberkopeken, Finnischer Tarif: 10 Silberkopeken (vom Empf\u00e4nger waren somit 93 Silberkopeken zu entrichten).<\/p><\/div>\n<ul>\n<li><strong>Route III:\u00a0Post mit D\u00e4nemark und Kontinentaleuropa via Helsingborg \/ Helsingoer<\/strong><\/li>\n<\/ul>\n<div id=\"attachment_1551\" style=\"width: 551px\" class=\"wp-caption aligncenter\"><a href=\"https:\/\/dasv-postgeschichte.de\/wp\/wp-content\/uploads\/2021\/12\/Auschra_Aland_B08.jpg\"><img loading=\"lazy\" decoding=\"async\" aria-describedby=\"caption-attachment-1551\" class=\"wp-image-1551\" src=\"https:\/\/dasv-postgeschichte.de\/wp\/wp-content\/uploads\/2021\/12\/Auschra_Aland_B08.jpg\" alt=\"\" width=\"541\" height=\"398\" srcset=\"https:\/\/dasv-postgeschichte.de\/wp\/wp-content\/uploads\/2021\/12\/Auschra_Aland_B08.jpg 744w, https:\/\/dasv-postgeschichte.de\/wp\/wp-content\/uploads\/2021\/12\/Auschra_Aland_B08-300x221.jpg 300w, https:\/\/dasv-postgeschichte.de\/wp\/wp-content\/uploads\/2021\/12\/Auschra_Aland_B08-705x518.jpg 705w\" sizes=\"auto, (max-width: 541px) 100vw, 541px\" \/><\/a><p id=\"caption-attachment-1551\" class=\"wp-caption-text\">Teilfrankobrief von L\u00fcbeck, 13.09.1819, nach \u00c5bo via Helsingborg \/ Helsingoer. Handstempel \u201eUeber D\u00e4nemerck\u201c. Tarif L\u00fcbeck: 4 L\u00fcbecker Schillinge f\u00fcr einen Brief der zweiten Gewichtsklasse bis Hamburg, Schwedischer Tarif: 2 RD &amp; 24 Skilling banco + 10% russischer Zuschlag, Finnischer Tarif: 46 Kupferkopeken.<\/p><\/div>\n<p>&nbsp;<\/p>\n<h3>Die Tradition lebt fort<\/h3>\n<p>Zu Beginn des 20. Jahrhunderts wurden die Ruderboote zur Postbef\u00f6rderung immer mehr durch Dampfschiffe ersetzt. Doch das Postrudern ist bis heute in einem j\u00e4hrlichen Rennen erhalten geblieben. J\u00e4hrlich nehmen ca. 50 Boote teil. Die vier Personen Besatzungen m\u00fcssen zeitgem\u00e4\u00dfe Kleidung tragen. Das Boot muss m\u00f6glichst historisch genau ausgestattet werden. Das Ziel ist so schnell wie m\u00f6glich die \u00c5landsee zu \u00fcberqueren, eine Strecke von 44 km.\u00a0 Wind- und wetterabh\u00e4ngig dauert die Fahrt 3\u00bd bis 6 Stunden f\u00fcr die schnellsten Boote. Das Postruderboot mit den meisten Punkten i den Kategorien f\u00fcr Kleidung, Boot und Geschwindigkeit gewinnt.<\/p>\n","protected":false},"excerpt":{"rendered":"<p>Eine Geschichte der Postbauern, die seit dem Jahr 1638 fast drei Jahrhunderte lang den Postverkehr zwischen Schweden und Finnland unter Einsatz ihres Lebens gew\u00e4hrleisteten. Von Christian Auschra Die Postroute von Schweden nach Finnland wurde von Postbauern aufrechterhalten, die die Post in ihren Ruderbooten zwischen Grisslehamn (Schweden) und Ecker\u00f6 (\u00c5land-Inseln) und die \u00f6stliche Sch\u00e4renwelt weiter nach [&hellip;]<\/p>\n","protected":false},"author":5,"featured_media":0,"parent":220,"menu_order":1,"comment_status":"closed","ping_status":"closed","template":"","meta":{"footnotes":""},"class_list":["post-1543","page","type-page","status-publish","hentry"],"_links":{"self":[{"href":"https:\/\/dasv-postgeschichte.de\/wp\/wp-json\/wp\/v2\/pages\/1543","targetHints":{"allow":["GET"]}}],"collection":[{"href":"https:\/\/dasv-postgeschichte.de\/wp\/wp-json\/wp\/v2\/pages"}],"about":[{"href":"https:\/\/dasv-postgeschichte.de\/wp\/wp-json\/wp\/v2\/types\/page"}],"author":[{"embeddable":true,"href":"https:\/\/dasv-postgeschichte.de\/wp\/wp-json\/wp\/v2\/users\/5"}],"replies":[{"embeddable":true,"href":"https:\/\/dasv-postgeschichte.de\/wp\/wp-json\/wp\/v2\/comments?post=1543"}],"version-history":[{"count":0,"href":"https:\/\/dasv-postgeschichte.de\/wp\/wp-json\/wp\/v2\/pages\/1543\/revisions"}],"up":[{"embeddable":true,"href":"https:\/\/dasv-postgeschichte.de\/wp\/wp-json\/wp\/v2\/pages\/220"}],"wp:attachment":[{"href":"https:\/\/dasv-postgeschichte.de\/wp\/wp-json\/wp\/v2\/media?parent=1543"}],"curies":[{"name":"wp","href":"https:\/\/api.w.org\/{rel}","templated":true}]}}